{"id":8924,"date":"2024-02-06T13:52:45","date_gmt":"2024-02-06T13:52:45","guid":{"rendered":"http:\/\/plusfix.de\/?post_type=product&#038;p=8924"},"modified":"2024-02-06T13:52:45","modified_gmt":"2024-02-06T13:52:45","slug":"foerderung-von-unternehmensberatungen-fuer-kmu-startups","status":"publish","type":"product","link":"https:\/\/plusfix.de\/gb\/produkt\/foerderung-von-unternehmensberatungen-fuer-kmu-startups\/","title":{"rendered":"F\u00f6rderung von Unternehmensberatungen f\u00fcr KMU &#038; StartUps"},"content":{"rendered":"<blockquote><p>Das BAFA bezuschusst Beratungen f\u00fcr kleine und mittlere Unternehmen zu allen Fragen der Unternehmensf\u00fchrung. F\u00f6rderziel ist es, die Wettbewerbs- und Leistungsf\u00e4higkeit von KMU zu steigern und Arbeitspl\u00e4tze zu sichern<\/p><\/blockquote>\n","protected":false},"excerpt":{"rendered":"<p>Ziel des Bundesprogramms \u201eF\u00f6rderung von Unternehmensberatungen f\u00fcr KMU\u201c ist, die Erfolgsaussichten, die Leistungs- und Wettbewerbsf\u00e4higkeit sowie die Besch\u00e4ftigungs- und Anpassungsf\u00e4higkeit von kleinen und mittleren Unternehmen zu st\u00e4rken. Um dies zu erreichen k\u00f6nnen sich Unternehmen von qualifizierten Beraterinnen und Beratern zu allen wirtschaftlichen, finanziellen, personellen und organisatorischen Fragen der Unternehmensf\u00fchrung beraten lassen. Die entstehenden Kosten werden durch einen nicht r\u00fcckzahlbaren Zuschuss durch das F\u00f6rderprogramm reduziert.<\/p>\n","protected":false},"featured_media":8925,"comment_status":"open","ping_status":"closed","template":"","meta":{"content-type":"","om_disable_all_campaigns":false,"_monsterinsights_skip_tracking":false,"_monsterinsights_sitenote_active":false,"_monsterinsights_sitenote_note":"","_monsterinsights_sitenote_category":0},"product_brand":[],"product_cat":[203],"product_tag":[266,267],"class_list":{"0":"post-8924","1":"product","2":"type-product","3":"status-publish","4":"has-post-thumbnail","6":"product_cat-beratung","7":"product_tag-bafa","8":"product_tag-foerderung","10":"first","11":"instock","12":"taxable","13":"shipping-taxable","14":"product-type-simple"},"translation":{"provider":"WPGlobus","version":"3.0.2","language":"gb","enabled_languages":["de","gb","ar"],"languages":{"de":{"title":true,"content":true,"excerpt":true},"gb":{"title":false,"content":false,"excerpt":false},"ar":{"title":false,"content":false,"excerpt":false}}},"aioseo_notices":[],"_links":{"self":[{"href":"https:\/\/plusfix.de\/gb\/wp-json\/wp\/v2\/product\/8924","targetHints":{"allow":["GET"]}}],"collection":[{"href":"https:\/\/plusfix.de\/gb\/wp-json\/wp\/v2\/product"}],"about":[{"href":"https:\/\/plusfix.de\/gb\/wp-json\/wp\/v2\/types\/product"}],"replies":[{"embeddable":true,"href":"https:\/\/plusfix.de\/gb\/wp-json\/wp\/v2\/comments?post=8924"}],"wp:featuredmedia":[{"embeddable":true,"href":"https:\/\/plusfix.de\/gb\/wp-json\/wp\/v2\/media\/8925"}],"wp:attachment":[{"href":"https:\/\/plusfix.de\/gb\/wp-json\/wp\/v2\/media?parent=8924"}],"wp:term":[{"taxonomy":"product_brand","embeddable":true,"href":"https:\/\/plusfix.de\/gb\/wp-json\/wp\/v2\/product_brand?post=8924"},{"taxonomy":"product_cat","embeddable":true,"href":"https:\/\/plusfix.de\/gb\/wp-json\/wp\/v2\/product_cat?post=8924"},{"taxonomy":"product_tag","embeddable":true,"href":"https:\/\/plusfix.de\/gb\/wp-json\/wp\/v2\/product_tag?post=8924"}],"curies":[{"name":"wp","href":"https:\/\/api.w.org\/{rel}","templated":true}]}}