{"id":8765,"date":"2023-07-24T09:26:41","date_gmt":"2023-07-24T09:26:41","guid":{"rendered":"https:\/\/plusfix.de\/?post_type=product&#038;p=8765"},"modified":"2024-02-05T10:37:58","modified_gmt":"2024-02-05T10:37:58","slug":"liquiditaetsplanung-enterprise","status":"publish","type":"product","link":"https:\/\/plusfix.de\/gb\/produkt\/liquiditaetsplanung-enterprise\/","title":{"rendered":"Liquidit\u00e4tsplanung Enterprise"},"content":{"rendered":"<blockquote><p>Steuern Sie Ihre Unternehmung durch Liquidit\u00e4tsengp\u00e4sse, erweitern Sie Ihre \u00dcbersicht und erhalten sinnvolle Planungsvorschl\u00e4ge f\u00fcr ausgew\u00e4hlte Controllingpositionen<\/p><\/blockquote>\n","protected":false},"excerpt":{"rendered":"<p>Ab 2501 Belege<br \/>\noder ab 5.000.000 Euro Umsatz<\/p>\n<p>-1 Nutzer<br \/>\n-1 Unternehmen<br \/>\n-Chat Support<br \/>\n-Technical Support<br \/>\n-exklusiver Controller<\/p>\n","protected":false},"featured_media":8854,"comment_status":"open","ping_status":"closed","template":"","meta":{"content-type":"","om_disable_all_campaigns":false,"_monsterinsights_skip_tracking":false,"_monsterinsights_sitenote_active":false,"_monsterinsights_sitenote_note":"","_monsterinsights_sitenote_category":0},"product_brand":[],"product_cat":[205],"product_tag":[240],"class_list":{"0":"post-8765","1":"product","2":"type-product","3":"status-publish","4":"has-post-thumbnail","6":"product_cat-liquiditaetsmanagement","7":"product_tag-liquiditaetsplanung","9":"first","10":"instock","11":"taxable","12":"shipping-taxable","13":"purchasable","14":"product-type-simple"},"translation":{"provider":"WPGlobus","version":"3.0.2","language":"gb","enabled_languages":["de","gb","ar"],"languages":{"de":{"title":true,"content":true,"excerpt":true},"gb":{"title":false,"content":false,"excerpt":false},"ar":{"title":false,"content":false,"excerpt":false}}},"aioseo_notices":[],"_links":{"self":[{"href":"https:\/\/plusfix.de\/gb\/wp-json\/wp\/v2\/product\/8765","targetHints":{"allow":["GET"]}}],"collection":[{"href":"https:\/\/plusfix.de\/gb\/wp-json\/wp\/v2\/product"}],"about":[{"href":"https:\/\/plusfix.de\/gb\/wp-json\/wp\/v2\/types\/product"}],"replies":[{"embeddable":true,"href":"https:\/\/plusfix.de\/gb\/wp-json\/wp\/v2\/comments?post=8765"}],"wp:featuredmedia":[{"embeddable":true,"href":"https:\/\/plusfix.de\/gb\/wp-json\/wp\/v2\/media\/8854"}],"wp:attachment":[{"href":"https:\/\/plusfix.de\/gb\/wp-json\/wp\/v2\/media?parent=8765"}],"wp:term":[{"taxonomy":"product_brand","embeddable":true,"href":"https:\/\/plusfix.de\/gb\/wp-json\/wp\/v2\/product_brand?post=8765"},{"taxonomy":"product_cat","embeddable":true,"href":"https:\/\/plusfix.de\/gb\/wp-json\/wp\/v2\/product_cat?post=8765"},{"taxonomy":"product_tag","embeddable":true,"href":"https:\/\/plusfix.de\/gb\/wp-json\/wp\/v2\/product_tag?post=8765"}],"curies":[{"name":"wp","href":"https:\/\/api.w.org\/{rel}","templated":true}]}}