{"id":8764,"date":"2023-07-24T09:22:14","date_gmt":"2023-07-24T09:22:14","guid":{"rendered":"https:\/\/plusfix.de\/?post_type=product&#038;p=8764"},"modified":"2024-02-05T10:29:58","modified_gmt":"2024-02-05T10:29:58","slug":"liquiditaetsplanung-do-it-yourself","status":"publish","type":"product","link":"https:\/\/plusfix.de\/gb\/produkt\/liquiditaetsplanung-do-it-yourself\/","title":{"rendered":"Liquidit\u00e4tsplanung Do-it-yourself"},"content":{"rendered":"<blockquote><p>PlusFix Controlling Portal macht professionelles Cashflow Management ganz einfach<\/p><\/blockquote>\n","protected":false},"excerpt":{"rendered":"<p>Mit konsolidierten Daten aus Bank und Buchhaltung k\u00f6nnen Sie Ihre Liquidit\u00e4t tagesaktuell \u00fcberwachen und gewinnen wertvolle Insights f\u00fcr bessere Finanz-Entscheidungen.<\/p>\n<p>Smarte Tools erm\u00f6glichen mit Szenarien und mit Hilfe k\u00fcnstlicher Intelligenz den Cashflow beliebig nach vorne zu planen und so Liquidit\u00e4tsl\u00fccken viel schneller zu erkennen als bisher.<\/p>\n<p>Die ist Software Made &amp; Hosted in Germany und erm\u00f6glicht smarte Finanzplanung f\u00fcr jedes Unternehmen.<\/p>\n<p>-1 Nutzer<br \/>\n-1 Unternehmen<br \/>\n&#8211; Chat Support<br \/>\n&#8211; Technical Support<\/p>\n","protected":false},"featured_media":8852,"comment_status":"open","ping_status":"closed","template":"","meta":{"content-type":"","om_disable_all_campaigns":false,"_monsterinsights_skip_tracking":false,"_monsterinsights_sitenote_active":false,"_monsterinsights_sitenote_note":"","_monsterinsights_sitenote_category":0},"product_brand":[],"product_cat":[205],"product_tag":[240],"class_list":{"0":"post-8764","1":"product","2":"type-product","3":"status-publish","4":"has-post-thumbnail","6":"product_cat-liquiditaetsmanagement","7":"product_tag-liquiditaetsplanung","9":"first","10":"instock","11":"taxable","12":"shipping-taxable","13":"purchasable","14":"product-type-simple"},"translation":{"provider":"WPGlobus","version":"3.0.2","language":"gb","enabled_languages":["de","gb","ar"],"languages":{"de":{"title":true,"content":true,"excerpt":true},"gb":{"title":false,"content":false,"excerpt":false},"ar":{"title":false,"content":false,"excerpt":false}}},"aioseo_notices":[],"_links":{"self":[{"href":"https:\/\/plusfix.de\/gb\/wp-json\/wp\/v2\/product\/8764","targetHints":{"allow":["GET"]}}],"collection":[{"href":"https:\/\/plusfix.de\/gb\/wp-json\/wp\/v2\/product"}],"about":[{"href":"https:\/\/plusfix.de\/gb\/wp-json\/wp\/v2\/types\/product"}],"replies":[{"embeddable":true,"href":"https:\/\/plusfix.de\/gb\/wp-json\/wp\/v2\/comments?post=8764"}],"wp:featuredmedia":[{"embeddable":true,"href":"https:\/\/plusfix.de\/gb\/wp-json\/wp\/v2\/media\/8852"}],"wp:attachment":[{"href":"https:\/\/plusfix.de\/gb\/wp-json\/wp\/v2\/media?parent=8764"}],"wp:term":[{"taxonomy":"product_brand","embeddable":true,"href":"https:\/\/plusfix.de\/gb\/wp-json\/wp\/v2\/product_brand?post=8764"},{"taxonomy":"product_cat","embeddable":true,"href":"https:\/\/plusfix.de\/gb\/wp-json\/wp\/v2\/product_cat?post=8764"},{"taxonomy":"product_tag","embeddable":true,"href":"https:\/\/plusfix.de\/gb\/wp-json\/wp\/v2\/product_tag?post=8764"}],"curies":[{"name":"wp","href":"https:\/\/api.w.org\/{rel}","templated":true}]}}