{"id":7923,"date":"2022-01-28T14:16:26","date_gmt":"2022-01-28T14:16:26","guid":{"rendered":"http:\/\/plusfix.de\/?post_type=product&#038;p=7923"},"modified":"2024-02-05T08:42:18","modified_gmt":"2024-02-05T08:42:18","slug":"liquiditaetsplanung_premium","status":"publish","type":"product","link":"https:\/\/plusfix.de\/gb\/produkt\/liquiditaetsplanung_premium\/","title":{"rendered":"Liquidit\u00e4tsplanung Premium"},"content":{"rendered":"<p>Szenarienplanung f\u00fcr den n\u00e4chste neue Unternehmenserfolge.<\/p>\n","protected":false},"excerpt":{"rendered":"<ul>\n<li>bis 2.500 Belege<\/li>\n<li><i class=\"icon-tiny fa fa-check extra-color-1\"><\/i>\u00a0oder 5.000.000 Euro Umsatz<\/li>\n<li><i class=\"icon-tiny fa fa-check extra-color-1\"><\/i>\u00a01 Nutzer<\/li>\n<li><i class=\"icon-tiny fa fa-check extra-color-1\"><\/i>\u00a01 Unternehmen<\/li>\n<li><i class=\"icon-tiny fa fa-check extra-color-1\"><\/i>\u00a0Chat Support<\/li>\n<li><i class=\"icon-tiny fa fa-check extra-color-1\"><\/i>\u00a0Technical Support<\/li>\n<li><i class=\"icon-tiny fa fa-check extra-color-1\"><\/i>\u00a024 h Controlling Beratung im Gesch\u00e4ftsjahr<\/li>\n<\/ul>\n","protected":false},"featured_media":8364,"comment_status":"open","ping_status":"closed","template":"","meta":{"content-type":"","om_disable_all_campaigns":false,"_monsterinsights_skip_tracking":false,"_monsterinsights_sitenote_active":false,"_monsterinsights_sitenote_note":"","_monsterinsights_sitenote_category":0},"product_brand":[],"product_cat":[205],"product_tag":[240],"class_list":{"0":"post-7923","1":"product","2":"type-product","3":"status-publish","4":"has-post-thumbnail","6":"product_cat-liquiditaetsmanagement","7":"product_tag-liquiditaetsplanung","9":"first","10":"instock","11":"taxable","12":"shipping-taxable","13":"purchasable","14":"product-type-simple"},"translation":{"provider":"WPGlobus","version":"3.0.2","language":"gb","enabled_languages":["de","gb","ar"],"languages":{"de":{"title":true,"content":true,"excerpt":true},"gb":{"title":false,"content":false,"excerpt":false},"ar":{"title":false,"content":false,"excerpt":false}}},"aioseo_notices":[],"_links":{"self":[{"href":"https:\/\/plusfix.de\/gb\/wp-json\/wp\/v2\/product\/7923","targetHints":{"allow":["GET"]}}],"collection":[{"href":"https:\/\/plusfix.de\/gb\/wp-json\/wp\/v2\/product"}],"about":[{"href":"https:\/\/plusfix.de\/gb\/wp-json\/wp\/v2\/types\/product"}],"replies":[{"embeddable":true,"href":"https:\/\/plusfix.de\/gb\/wp-json\/wp\/v2\/comments?post=7923"}],"wp:featuredmedia":[{"embeddable":true,"href":"https:\/\/plusfix.de\/gb\/wp-json\/wp\/v2\/media\/8364"}],"wp:attachment":[{"href":"https:\/\/plusfix.de\/gb\/wp-json\/wp\/v2\/media?parent=7923"}],"wp:term":[{"taxonomy":"product_brand","embeddable":true,"href":"https:\/\/plusfix.de\/gb\/wp-json\/wp\/v2\/product_brand?post=7923"},{"taxonomy":"product_cat","embeddable":true,"href":"https:\/\/plusfix.de\/gb\/wp-json\/wp\/v2\/product_cat?post=7923"},{"taxonomy":"product_tag","embeddable":true,"href":"https:\/\/plusfix.de\/gb\/wp-json\/wp\/v2\/product_tag?post=7923"}],"curies":[{"name":"wp","href":"https:\/\/api.w.org\/{rel}","templated":true}]}}