{"id":7907,"date":"2022-01-28T13:09:25","date_gmt":"2022-01-28T13:09:25","guid":{"rendered":"http:\/\/plusfix.de\/?post_type=product&#038;p=7907"},"modified":"2024-02-06T01:17:26","modified_gmt":"2024-02-06T01:17:26","slug":"businessplan_plus","status":"publish","type":"product","link":"https:\/\/plusfix.de\/gb\/produkt\/businessplan_plus\/","title":{"rendered":"Businessplan Plus"},"content":{"rendered":"<blockquote>\n<div class=\"ewa-rteLine\">Rundum-Sorglos-Plus<\/div>\n<div class=\"ewa-rteLine\">Alle Leistungen aus dem Startup- Excel-Businessplan<\/div>\n<div class=\"ewa-rteLine\">inkl. 20-seitigem bankf\u00e4higen Businessplan als Word-Dokument<\/div>\n<\/blockquote>\n","protected":false},"excerpt":{"rendered":"<p>Deutsch oder Englisch<br \/>\n-1 x Feedback-Schleife enthalten inkl. 1h Feedback Call<br \/>\nm Excel-Businessplan inkludiert: Gewinn-Verlust, Umsatzplanung, 5-Jahresplanung, Sales &amp; Marketing KPIs, Kapitalfluss, Mittelverbrauch und Liquidit\u00e4tsabfluss, \u201cBurn Rate\u201d, Kapitalbedarf, Kostenplanung, internationale Expansion, Mittelverwendung, Core KPI<br \/>\n-Businessplan (Excel) Handbuch<br \/>\n-Ausf\u00fchrliche Marketing Metriken<br \/>\n-Interaktives Dashboard mit Kalkulation<br \/>\n-Zusammenfassung aller relevanten Indikatoren (KPIs)<br \/>\n-Businessplan Excel: One Pager<br \/>\n-Individueller Businessplan im Excel-Format mit allen relevanten Finanzkennzahlen inkl. Summary KPI mit GuV<br \/>\n-Ergebnis-Pr\u00e4sentation<br \/>\n-3 x Feedback-Schleifen enthalten inkl. 1h Feedback Call<br \/>\n-Folgende Darstellungen in Word sind enthalten: Businessplan A bis Z wie Executive Summary, Problem, L\u00f6sung, Zielgruppe, Produkt &amp; Positionierung, Markt &amp; Wettbewerb, Vertriebs &amp; Marketingstrategie, Team, Rechtsform, SWOT-Analyse, Zukunftspl\u00e4ne \u2013 Roadmap<\/p>\n<p>-20-seitiger individueller Businessplan im Word-Format speziell f\u00fcr Finanzierung \u00fcber klassische Wege wie Banken, F\u00f6rderkredite, Bankb\u00fcrgschaften<\/p>\n","protected":false},"featured_media":8358,"comment_status":"open","ping_status":"closed","template":"","meta":{"content-type":"","om_disable_all_campaigns":false,"_monsterinsights_skip_tracking":false,"_monsterinsights_sitenote_active":false,"_monsterinsights_sitenote_note":"","_monsterinsights_sitenote_category":0},"product_brand":[],"product_cat":[204],"product_tag":[243],"class_list":{"0":"post-7907","1":"product","2":"type-product","3":"status-publish","4":"has-post-thumbnail","6":"product_cat-startegie","7":"product_tag-businessplan","9":"first","10":"instock","11":"taxable","12":"shipping-taxable","13":"purchasable","14":"product-type-simple"},"translation":{"provider":"WPGlobus","version":"3.0.2","language":"gb","enabled_languages":["de","gb","ar"],"languages":{"de":{"title":true,"content":true,"excerpt":true},"gb":{"title":false,"content":false,"excerpt":false},"ar":{"title":false,"content":false,"excerpt":false}}},"aioseo_notices":[],"_links":{"self":[{"href":"https:\/\/plusfix.de\/gb\/wp-json\/wp\/v2\/product\/7907","targetHints":{"allow":["GET"]}}],"collection":[{"href":"https:\/\/plusfix.de\/gb\/wp-json\/wp\/v2\/product"}],"about":[{"href":"https:\/\/plusfix.de\/gb\/wp-json\/wp\/v2\/types\/product"}],"replies":[{"embeddable":true,"href":"https:\/\/plusfix.de\/gb\/wp-json\/wp\/v2\/comments?post=7907"}],"wp:featuredmedia":[{"embeddable":true,"href":"https:\/\/plusfix.de\/gb\/wp-json\/wp\/v2\/media\/8358"}],"wp:attachment":[{"href":"https:\/\/plusfix.de\/gb\/wp-json\/wp\/v2\/media?parent=7907"}],"wp:term":[{"taxonomy":"product_brand","embeddable":true,"href":"https:\/\/plusfix.de\/gb\/wp-json\/wp\/v2\/product_brand?post=7907"},{"taxonomy":"product_cat","embeddable":true,"href":"https:\/\/plusfix.de\/gb\/wp-json\/wp\/v2\/product_cat?post=7907"},{"taxonomy":"product_tag","embeddable":true,"href":"https:\/\/plusfix.de\/gb\/wp-json\/wp\/v2\/product_tag?post=7907"}],"curies":[{"name":"wp","href":"https:\/\/api.w.org\/{rel}","templated":true}]}}