{"id":7487,"date":"2021-12-05T18:05:44","date_gmt":"2021-12-05T18:05:44","guid":{"rendered":"http:\/\/plusfix.de\/?page_id=7487"},"modified":"2022-03-19T09:39:41","modified_gmt":"2022-03-19T09:39:41","slug":"projektmanagement","status":"publish","type":"page","link":"https:\/\/plusfix.de\/gb\/prozesse-digitalisieren\/projektmanagement\/","title":{"rendered":"Projektmanagement"},"content":{"rendered":"[vc_row type=&#8221;in_container&#8221; full_screen_row_position=&#8221;middle&#8221; scene_position=&#8221;center&#8221; text_color=&#8221;dark&#8221; text_align=&#8221;left&#8221; overlay_strength=&#8221;0.3&#8243; shape_divider_position=&#8221;bottom&#8221; bg_image_animation=&#8221;none&#8221;][vc_column column_padding=&#8221;no-extra-padding&#8221; column_padding_position=&#8221;all&#8221; background_color_opacity=&#8221;1&#8243; background_hover_color_opacity=&#8221;1&#8243; column_link_target=&#8221;_self&#8221; column_shadow=&#8221;none&#8221; column_border_radius=&#8221;none&#8221; width=&#8221;1\/1&#8243; tablet_width_inherit=&#8221;default&#8221; tablet_text_alignment=&#8221;default&#8221; phone_text_alignment=&#8221;default&#8221; column_border_width=&#8221;none&#8221; column_border_style=&#8221;solid&#8221; bg_image_animation=&#8221;none&#8221;][vc_column_text]\n<h2>Projektdigitalisierung<\/h2>\n[\/vc_column_text][divider line_type=&#8221;Full Width Line&#8221; line_thickness=&#8221;3&#8243; divider_color=&#8221;extra-color-1&#8243;][nectar_single_testimonial testimonial_style=&#8221;small_modern&#8221; color=&#8221;Default&#8221; quote=&#8221;Lassen Sie uns diese Gesch\u00e4ftsidee in die Praxis umsetzen!<br \/>\nMit unserem technischen Co-Piloten Team, ben\u00f6tigen Sie keinen technischen Mitgr\u00fcnder mehr.<br \/>\nErz\u00e4hlen Sie uns, was Sie realisieren wollen.<\/p>\n<p>Arbeiten Sie mit unseren besten, handverlesenen Freelancern zusammen.<\/p>\n<p>Lassen Sie unseren technischen Co-Piloten helfen bei jedem Schritt.&#8221; subtitle=&#8221;Ihr PlusFix Team an Ihrer Seite&#8221;][\/vc_column][\/vc_row][vc_row type=&#8221;full_width_background&#8221; full_screen_row_position=&#8221;middle&#8221; scene_position=&#8221;center&#8221; text_color=&#8221;dark&#8221; text_align=&#8221;left&#8221; bottom_padding=&#8221;30&#8243; overlay_strength=&#8221;0.3&#8243; shape_divider_position=&#8221;bottom&#8221; bg_image_animation=&#8221;none&#8221; shape_type=&#8221;&#8221;][vc_column column_padding=&#8221;padding-1-percent&#8221; column_padding_position=&#8221;all&#8221; background_color_opacity=&#8221;1&#8243; background_hover_color_opacity=&#8221;1&#8243; column_link_target=&#8221;_self&#8221; column_shadow=&#8221;none&#8221; column_border_radius=&#8221;none&#8221; width=&#8221;1\/1&#8243; tablet_width_inherit=&#8221;default&#8221; tablet_text_alignment=&#8221;default&#8221; phone_text_alignment=&#8221;default&#8221; column_border_width=&#8221;none&#8221; column_border_style=&#8221;solid&#8221; bg_image_animation=&#8221;none&#8221;][vc_text_separator title=&#8221;\u00dcberlassen Sie uns Ihr Projekt&#8221; i_icon_fontawesome=&#8221;fa fa-rocket&#8221; i_color=&#8221;custom&#8221; i_size=&#8221;lg&#8221; title_align=&#8221;separator_align_left&#8221; add_icon=&#8221;true&#8221; i_custom_color=&#8221;#15b6e8&#8243;][pricing_table style=&#8221;flat-alternative&#8221; columns=&#8221;3&#8243;][pricing_column color=&#8221;Extra-Color-1&#8243; title=&#8221;Projektinitiator&#8221; price=&#8221;30&#8243; currency_symbol=&#8221;\u20ac&#8221; interval=&#8221;Stunde&#8221; id=&#8221;1435950853864-5&#8243; tab_id=&#8221;1435950853865-3&#8243;][vc_column_text]Wir helfen Ihnen, die besten Freelancer zu finden<\/p>\n<ul class=\"features\">\n<li><i class=\"icon-tiny fa fa-check extra-color-1\"><\/i> Ausgew\u00e4hlt aus unserem Pr\u00e4ferenz-Freelancer-Programm, basierend auf Ihren Anforderungen und Ihrem Budget<\/li>\n<li><del><i class=\"icon-tiny fa fa-check extra-color-1\"><\/i> Wir helfen Ihnen, Freelancer zu koordinieren, technische Spezifikationen zu erstellen, Tests durchzuf\u00fchren und alles was dazwischen liegt.<\/del><\/li>\n<li><del><i class=\"icon-tiny fa fa-check extra-color-1\"><\/i> Wir beantworten technische Fragen, senden Fortschrittsberichte und testen das Endprodukt. Sie bezahlen den Freelancer nur, wenn Sie zufrieden sind.<\/del><\/li>\n<\/ul>\n<a class=\"nectar-button n-sc-button large see-through has-icon\"  href=\"http:\/\/plusfix.de\/projektinitiator\" data-color-override=\"#15b6e8\" data-hover-color-override=\"false\" data-hover-text-color-override=\"#fff\"><span>Hier buchen<\/span><i class=\"icon-button-arrow\"><\/i><\/a>[\/vc_column_text][\/pricing_column][pricing_column highlight=&#8221;true&#8221; color=&#8221;Extra-Color-1&#8243; title=&#8221;Projektsteuerer&#8221; price=&#8221;50&#8243; currency_symbol=&#8221;\u20ac&#8221; interval=&#8221;Stunde&#8221; id=&#8221;1435950853864-2&#8243; tab_id=&#8221;1435950853865-2&#8243; highlight_reason=&#8221;Meist gew\u00e4hlt&#8221;][vc_column_text]Lassen Sie uns die harte Arbeit f\u00fcr Sie erledigen<\/p>\n<ul class=\"features\">\n<li><i class=\"icon-tiny fa fa-check extra-color-1\"><\/i> Ausgew\u00e4hlt aus unserem Pr\u00e4ferenz-Freelancer-Programm, basierend auf Ihren Anforderungen und Ihrem Budget<\/li>\n<li><i class=\"icon-tiny fa fa-check extra-color-1\"><\/i> Wir helfen Ihnen, Freelancer zu koordinieren, technische Spezifikationen zu erstellen, Tests durchzuf\u00fchren und alles was dazwischen liegt.<\/li>\n<li><del><i class=\"icon-tiny fa fa-check extra-color-1\"><\/i> Wir beantworten technische Fragen, senden Fortschrittsberichte und testen das Endprodukt. Sie bezahlen den Freelancer nur, wenn Sie zufrieden sind.<\/del><\/li>\n<\/ul>\n<a class=\"nectar-button n-sc-button large see-through has-icon\"  href=\"http:\/\/plusfix.de\/projektsteuerer\" data-color-override=\"#15b6e8\" data-hover-color-override=\"false\" data-hover-text-color-override=\"#fff\"><span>Hier buchen<\/span><i class=\"icon-button-arrow\"><\/i><\/a>[\/vc_column_text][\/pricing_column][pricing_column color=&#8221;Extra-Color-1&#8243; title=&#8221;Projektumsetzer&#8221; price=&#8221;70&#8243; currency_symbol=&#8221;\u20ac&#8221; interval=&#8221;Stunde&#8221; id=&#8221;1435950853953-5&#8243; tab_id=&#8221;1435950853954-0&#8243;][vc_column_text]Wir sorgen daf\u00fcr, dass Ihr Projekt ein Erfolg wird<\/p>\n<ul class=\"features\">\n<li><i class=\"icon-tiny fa fa-check extra-color-1\"><\/i> Ausgew\u00e4hlt aus unserem Pr\u00e4ferenz-Freelancer-Programm, basierend auf Ihren Anforderungen und Ihrem Budget<\/li>\n<li><i class=\"icon-tiny fa fa-check extra-color-1\"><\/i> Wir helfen Ihnen, Freelancer zu koordinieren, technische Spezifikationen zu erstellen, Tests durchzuf\u00fchren und alles was dazwischen liegt.<\/li>\n<li><i class=\"icon-tiny fa fa-check extra-color-1\"><\/i> Wir beantworten technische Fragen, senden Fortschrittsberichte und testen das Endprodukt. Sie bezahlen den Freelancer nur, wenn Sie zufrieden sind.<\/li>\n<\/ul>\n<a class=\"nectar-button n-sc-button large see-through has-icon\"  href=\"http:\/\/plusfix.de\/projektumsetzer\" data-color-override=\"#15b6e8\" data-hover-color-override=\"false\" data-hover-text-color-override=\"#fff\"><span>Hier buchen<\/span><i class=\"icon-button-arrow\"><\/i><\/a>[\/vc_column_text][\/pricing_column][\/pricing_table][vc_column_text]Nettopreise, f\u00fcr alle Credits, Gutscheine und sonstigen Partner-Deals gelten die jeweiligen Bedingungen und Konditionen der Anbieter.<\/p>\n<p><strong>Hinweis:\u00a0<\/strong><br \/>\nDie PlusFix UG (Haftungsbeschr\u00e4nkt) \u00fcbernimmt selbst keine Rechtsberatung. PlusFix arbeitet ausschlie\u00dflich mit Rechtsanw\u00e4lten und selbst\u00e4ndigen Steuerberatern zusammen, die auf den Bereich der Unternehmergesellschaft (haftungsbeschr\u00e4nkt) spezialisiert sind.<strong><br \/>\n<\/strong>[\/vc_column_text][vc_text_separator title=&#8221;In einfachen Schritte zur Projektdigitalisierung&#8221; i_icon_fontawesome=&#8221;fa fa-hand-o-right&#8221; i_color=&#8221;custom&#8221; i_size=&#8221;lg&#8221; title_align=&#8221;separator_align_left&#8221; add_icon=&#8221;true&#8221; i_custom_color=&#8221;#15b6e8&#8243;][\/vc_column][\/vc_row][vc_row type=&#8221;in_container&#8221; full_screen_row_position=&#8221;middle&#8221; scene_position=&#8221;center&#8221; text_color=&#8221;dark&#8221; text_align=&#8221;left&#8221; overlay_strength=&#8221;0.3&#8243; shape_divider_position=&#8221;bottom&#8221; bg_image_animation=&#8221;none&#8221; shape_type=&#8221;&#8221;][vc_column column_padding=&#8221;no-extra-padding&#8221; column_padding_position=&#8221;all&#8221; background_color_opacity=&#8221;1&#8243; background_hover_color_opacity=&#8221;1&#8243; column_link_target=&#8221;_self&#8221; column_shadow=&#8221;none&#8221; column_border_radius=&#8221;none&#8221; width=&#8221;1\/1&#8243; tablet_width_inherit=&#8221;default&#8221; tablet_text_alignment=&#8221;default&#8221; phone_text_alignment=&#8221;default&#8221; column_border_width=&#8221;none&#8221; column_border_style=&#8221;solid&#8221; bg_image_animation=&#8221;none&#8221;][nectar_icon_list animate=&#8221;true&#8221; color=&#8221;default&#8221; direction=&#8221;horizontal&#8221; columns=&#8221;2&#8243; icon_size=&#8221;medium&#8221; icon_style=&#8221;border&#8221;][nectar_icon_list_item icon_type=&#8221;numerical&#8221; title=&#8221;List Item&#8221; id=&#8221;1636899783-1-43&#8243; header=&#8221;Wir setzen Ihre Ideen in eine technische Spezifikation und Aufgaben um&#8221; text=&#8221;Wir senden Ihnen zu Beginn der Woche einen Bericht \u00fcber die auszuf\u00fchrenden Arbeiten zu. Am Ende der Woche senden wir Ihnen einen Bericht \u00fcber die Ereignisse der Woche.&#8221;][vc_column_text][\/vc_column_text][\/nectar_icon_list_item][nectar_icon_list_item icon_type=&#8221;numerical&#8221; title=&#8221;List Item&#8221; id=&#8221;1636899783-2-98&#8243; header=&#8221;Wir informieren Sie so oft Sie wollen \u00fcber den Fortschritt&#8221; text=&#8221;Wir k\u00f6nnen Sie jederzeit anrufen, um Sie auf dem Laufenden zu halten und zu erfahren, was Sie vorhaben &#8211; einmal t\u00e4glich, einmal pro Woche oder bei bestimmten Milestones oder Ergebnissen.&#8221;][vc_column_text][\/vc_column_text][\/nectar_icon_list_item][\/nectar_icon_list][vc_text_separator title=&#8221;Das sind Ihre h\u00e4ufig gestellten Fragen&#8221; i_icon_fontawesome=&#8221;fa fa-search-plus&#8221; i_color=&#8221;custom&#8221; i_size=&#8221;lg&#8221; title_align=&#8221;separator_align_left&#8221; align=&#8221;align_left&#8221; add_icon=&#8221;true&#8221; i_custom_color=&#8221;#15b6e8&#8243;][\/vc_column][\/vc_row][vc_row type=&#8221;full_width_background&#8221; full_screen_row_position=&#8221;middle&#8221; scene_position=&#8221;center&#8221; text_color=&#8221;dark&#8221; text_align=&#8221;left&#8221; overlay_strength=&#8221;0.3&#8243; shape_divider_position=&#8221;bottom&#8221; bg_image_animation=&#8221;none&#8221; shape_type=&#8221;&#8221;][vc_column column_padding=&#8221;padding-2-percent&#8221; column_padding_position=&#8221;all&#8221; background_color_opacity=&#8221;1&#8243; background_hover_color_opacity=&#8221;1&#8243; column_link_target=&#8221;_self&#8221; column_shadow=&#8221;none&#8221; column_border_radius=&#8221;none&#8221; width=&#8221;1\/1&#8243; tablet_width_inherit=&#8221;default&#8221; tablet_text_alignment=&#8221;default&#8221; phone_text_alignment=&#8221;default&#8221; column_border_width=&#8221;none&#8221; column_border_style=&#8221;solid&#8221; bg_image_animation=&#8221;none&#8221;][toggles style=&#8221;minimal&#8221; accordion=&#8221;true&#8221;][toggle color=&#8221;Default&#8221; title=&#8221;Was kann ein technischer Projektassistent Erledigen f\u00fcr Sie&#8221;][vc_column_text]\n<div class=\"Grid-col Grid-col--12 Grid-col--tablet-6 PageProjectManagementLanding-iconList-container\">\n<div>\n<p><strong class=\"PageProjectManagementLanding-iconList-header\">Durchf\u00fchrung von technischen Interviews <\/strong><\/p>\n<p class=\"SectionFeature-body\">Um die besten Freelancer f\u00fcr Sie zu finden<\/p>\n<\/div>\n<\/div>\n<div class=\"Grid-col Grid-col--12 Grid-col--tablet-6 PageProjectManagementLanding-iconList-container\">\n<div>\n<p><strong class=\"PageProjectManagementLanding-iconList-header\">Ausf\u00fchren eines Projekt-Kick-Off-Calls <\/strong><\/p>\n<p class=\"SectionFeature-body\">Sicherstellung einer guten Projektinitiierung und eines klaren Prozesses<\/p>\n<\/div>\n<\/div>\n<div class=\"Grid-col Grid-col--12 Grid-col--tablet-6 PageProjectManagementLanding-iconList-container\">\n<div>\n<p><strong class=\"PageProjectManagementLanding-iconList-header\">Erstellung von Spezifikationen und Wireframes <\/strong><\/p>\n<p class=\"SectionFeature-body\">Stellt sicher, dass alle Ihre Anforderungen erf\u00fcllt werden.<\/p>\n<\/div>\n<\/div>\n<div class=\"Grid-col Grid-col--12 Grid-col--tablet-6 PageProjectManagementLanding-iconList-container\">\n<div>\n<p><strong class=\"PageProjectManagementLanding-iconList-header\">Organisieren Sie einen Arbeitsplan und senden Sie regelm\u00e4\u00dfig Berichte <\/strong><\/p>\n<p class=\"SectionFeature-body\">Um Risiken zu minimieren, auf dem Laufenden zu bleiben und Informationen zu erhalten<\/p>\n<\/div>\n<\/div>\n<div class=\"Grid-col Grid-col--12 Grid-col--tablet-6 PageProjectManagementLanding-iconList-container\">\n<div>\n<p><strong class=\"PageProjectManagementLanding-iconList-header\">Beantworten Sie technische Fragen <\/strong><\/p>\n<p class=\"SectionFeature-body\">Erkl\u00e4rt neue Konzepte und hilft Ihnen bei der Entscheidungsfindung<\/p>\n<\/div>\n<\/div>\n<div class=\"Grid-col Grid-col--12 Grid-col--tablet-6 PageProjectManagementLanding-iconList-container\">\n<div>\n<p><strong class=\"PageProjectManagementLanding-iconList-header\">Testen Sie das Endprodukt <\/strong><\/p>\n<p class=\"SectionFeature-body\">Um die Qualit\u00e4t zu sichern und m\u00f6gliche Verbesserungen zu identifizieren<\/p>\n<\/div>\n<\/div>\n[\/vc_column_text][\/toggle][\/toggles]<div class=\"nectar-fancy-ul\" data-list-icon=\"icon-salient-thin-line\" data-animation=\"false\" data-animation-delay=\"0\" data-color=\"accent-color\" data-spacing=\"default\" data-alignment=\"left\">  <\/div>[vc_text_separator title=&#8221;Das k\u00f6nnte Sie auch interessieren&#8221; i_icon_fontawesome=&#8221;fa fa-plus&#8221; i_color=&#8221;custom&#8221; i_size=&#8221;lg&#8221; title_align=&#8221;separator_align_left&#8221; add_icon=&#8221;true&#8221; i_custom_color=&#8221;#15b6e8&#8243;][nectar_woo_products product_type=&#8221;all&#8221; category=&#8221;all&#8221; columns=&#8221;4&#8243; orderby=&#8221;date&#8221; order=&#8221;DESC&#8221; per_page=&#8221;4&#8243;][\/vc_column][\/vc_row]\n","protected":false},"excerpt":{"rendered":"<p>[vc_row type=&#8221;in_container&#8221; full_screen_row_position=&#8221;middle&#8221; scene_position=&#8221;center&#8221; text_color=&#8221;dark&#8221; text_align=&#8221;left&#8221; overlay_strength=&#8221;0.3&#8243; shape_divider_position=&#8221;bottom&#8221; bg_image_animation=&#8221;none&#8221;][vc_column column_padding=&#8221;no-extra-padding&#8221; column_padding_position=&#8221;all&#8221; background_color_opacity=&#8221;1&#8243; background_hover_color_opacity=&#8221;1&#8243; column_link_target=&#8221;_self&#8221; column_shadow=&#8221;none&#8221; column_border_radius=&#8221;none&#8221; width=&#8221;1\/1&#8243; tablet_width_inherit=&#8221;default&#8221; tablet_text_alignment=&#8221;default&#8221; phone_text_alignment=&#8221;default&#8221; column_border_width=&#8221;none&#8221; column_border_style=&#8221;solid&#8221; bg_image_animation=&#8221;none&#8221;][vc_column_text] Projektdigitalisierung [\/vc_column_text][divider&#8230;<\/p>\n","protected":false},"author":1,"featured_media":0,"parent":7279,"menu_order":0,"comment_status":"closed","ping_status":"closed","template":"","meta":{"content-type":"","om_disable_all_campaigns":false,"_monsterinsights_skip_tracking":false,"_monsterinsights_sitenote_active":false,"_monsterinsights_sitenote_note":"","_monsterinsights_sitenote_category":0,"footnotes":""},"class_list":["post-7487","page","type-page","status-publish"],"translation":{"provider":"WPGlobus","version":"3.0.2","language":"gb","enabled_languages":["de","gb","ar"],"languages":{"de":{"title":true,"content":true,"excerpt":false},"gb":{"title":false,"content":false,"excerpt":false},"ar":{"title":false,"content":false,"excerpt":false}}},"aioseo_notices":[],"_links":{"self":[{"href":"https:\/\/plusfix.de\/gb\/wp-json\/wp\/v2\/pages\/7487","targetHints":{"allow":["GET"]}}],"collection":[{"href":"https:\/\/plusfix.de\/gb\/wp-json\/wp\/v2\/pages"}],"about":[{"href":"https:\/\/plusfix.de\/gb\/wp-json\/wp\/v2\/types\/page"}],"author":[{"embeddable":true,"href":"https:\/\/plusfix.de\/gb\/wp-json\/wp\/v2\/users\/1"}],"replies":[{"embeddable":true,"href":"https:\/\/plusfix.de\/gb\/wp-json\/wp\/v2\/comments?post=7487"}],"version-history":[{"count":12,"href":"https:\/\/plusfix.de\/gb\/wp-json\/wp\/v2\/pages\/7487\/revisions"}],"predecessor-version":[{"id":8501,"href":"https:\/\/plusfix.de\/gb\/wp-json\/wp\/v2\/pages\/7487\/revisions\/8501"}],"up":[{"embeddable":true,"href":"https:\/\/plusfix.de\/gb\/wp-json\/wp\/v2\/pages\/7279"}],"wp:attachment":[{"href":"https:\/\/plusfix.de\/gb\/wp-json\/wp\/v2\/media?parent=7487"}],"curies":[{"name":"wp","href":"https:\/\/api.w.org\/{rel}","templated":true}]}}