{"id":8944,"date":"2024-02-13T12:04:06","date_gmt":"2024-02-13T12:04:06","guid":{"rendered":"https:\/\/plusfix.de\/?post_type=product&#038;p=8944"},"modified":"2024-02-13T12:04:06","modified_gmt":"2024-02-13T12:04:06","slug":"antrag-einkommen-aus-selbstaendigkeit-und-gewerbebetrieb-eks","status":"publish","type":"product","link":"https:\/\/plusfix.de\/ar\/produkt\/antrag-einkommen-aus-selbstaendigkeit-und-gewerbebetrieb-eks\/","title":{"rendered":"Antrag Einkommen aus Selbst\u00e4ndigkeit und Gewerbebetrieb (EKS)"},"content":{"rendered":"<blockquote><p>Wir bef\u00fcllen die Erkl\u00e4rung zum Einkommen ausselbst\u00e4ndiger T\u00e4tigkeit und Gewerbebetrieb<\/p><\/blockquote>\n","protected":false},"excerpt":{"rendered":"<p>Wir bef\u00fcllen die Erkl\u00e4rung zum Einkommen ausselbst\u00e4ndiger T\u00e4tigkeit und Gewerbebetrieb<\/p>\n","protected":false},"featured_media":8945,"comment_status":"open","ping_status":"closed","template":"","meta":{"content-type":"","om_disable_all_campaigns":false,"_monsterinsights_skip_tracking":false,"_monsterinsights_sitenote_active":false,"_monsterinsights_sitenote_note":"","_monsterinsights_sitenote_category":0},"product_brand":[],"product_cat":[206],"product_tag":[270],"class_list":{"0":"post-8944","1":"product","2":"type-product","3":"status-publish","4":"has-post-thumbnail","6":"product_cat-steuern","7":"product_tag-eks","9":"first","10":"instock","11":"taxable","12":"shipping-taxable","13":"purchasable","14":"product-type-simple"},"translation":{"provider":"WPGlobus","version":"3.0.2","language":"ar","enabled_languages":["de","gb","ar"],"languages":{"de":{"title":true,"content":true,"excerpt":true},"gb":{"title":false,"content":false,"excerpt":false},"ar":{"title":false,"content":false,"excerpt":false}}},"aioseo_notices":[],"_links":{"self":[{"href":"https:\/\/plusfix.de\/ar\/wp-json\/wp\/v2\/product\/8944","targetHints":{"allow":["GET"]}}],"collection":[{"href":"https:\/\/plusfix.de\/ar\/wp-json\/wp\/v2\/product"}],"about":[{"href":"https:\/\/plusfix.de\/ar\/wp-json\/wp\/v2\/types\/product"}],"replies":[{"embeddable":true,"href":"https:\/\/plusfix.de\/ar\/wp-json\/wp\/v2\/comments?post=8944"}],"wp:featuredmedia":[{"embeddable":true,"href":"https:\/\/plusfix.de\/ar\/wp-json\/wp\/v2\/media\/8945"}],"wp:attachment":[{"href":"https:\/\/plusfix.de\/ar\/wp-json\/wp\/v2\/media?parent=8944"}],"wp:term":[{"taxonomy":"product_brand","embeddable":true,"href":"https:\/\/plusfix.de\/ar\/wp-json\/wp\/v2\/product_brand?post=8944"},{"taxonomy":"product_cat","embeddable":true,"href":"https:\/\/plusfix.de\/ar\/wp-json\/wp\/v2\/product_cat?post=8944"},{"taxonomy":"product_tag","embeddable":true,"href":"https:\/\/plusfix.de\/ar\/wp-json\/wp\/v2\/product_tag?post=8944"}],"curies":[{"name":"wp","href":"https:\/\/api.w.org\/{rel}","templated":true}]}}