{"id":8935,"date":"2024-02-07T09:18:32","date_gmt":"2024-02-07T09:18:32","guid":{"rendered":"http:\/\/plusfix.de\/?post_type=product&#038;p=8935"},"modified":"2024-02-07T09:18:32","modified_gmt":"2024-02-07T09:18:32","slug":"veroeffentlichung-bundesanzeiger","status":"publish","type":"product","link":"https:\/\/plusfix.de\/ar\/produkt\/veroeffentlichung-bundesanzeiger\/","title":{"rendered":"Ver\u00f6ffentlichung Bundesanzeiger"},"content":{"rendered":"<blockquote><p>Auftr\u00e4ge f\u00fcr Ver\u00f6ffentlichungen und Hinterlegungen k\u00f6nnen werden \u00fcber die Publikations-Plattform \u00fcbermitteln<\/p><\/blockquote>\n","protected":false},"excerpt":{"rendered":"<p>Ablage der Jahresabschl\u00fcsse im Publikationsportal, Ver\u00f6ffentlichungen der Bilanzen und Betriebsergebnisse<\/p>\n","protected":false},"featured_media":8936,"comment_status":"open","ping_status":"closed","template":"","meta":{"content-type":"","om_disable_all_campaigns":false,"_monsterinsights_skip_tracking":false,"_monsterinsights_sitenote_active":false,"_monsterinsights_sitenote_note":"","_monsterinsights_sitenote_category":0},"product_brand":[],"product_cat":[268],"product_tag":[],"class_list":{"0":"post-8935","1":"product","2":"type-product","3":"status-publish","4":"has-post-thumbnail","6":"product_cat-jahresabschluss","8":"first","9":"instock","10":"taxable","11":"shipping-taxable","12":"purchasable","13":"product-type-simple"},"translation":{"provider":"WPGlobus","version":"3.0.2","language":"ar","enabled_languages":["de","gb","ar"],"languages":{"de":{"title":true,"content":true,"excerpt":true},"gb":{"title":false,"content":false,"excerpt":false},"ar":{"title":false,"content":false,"excerpt":false}}},"aioseo_notices":[],"_links":{"self":[{"href":"https:\/\/plusfix.de\/ar\/wp-json\/wp\/v2\/product\/8935","targetHints":{"allow":["GET"]}}],"collection":[{"href":"https:\/\/plusfix.de\/ar\/wp-json\/wp\/v2\/product"}],"about":[{"href":"https:\/\/plusfix.de\/ar\/wp-json\/wp\/v2\/types\/product"}],"replies":[{"embeddable":true,"href":"https:\/\/plusfix.de\/ar\/wp-json\/wp\/v2\/comments?post=8935"}],"wp:featuredmedia":[{"embeddable":true,"href":"https:\/\/plusfix.de\/ar\/wp-json\/wp\/v2\/media\/8936"}],"wp:attachment":[{"href":"https:\/\/plusfix.de\/ar\/wp-json\/wp\/v2\/media?parent=8935"}],"wp:term":[{"taxonomy":"product_brand","embeddable":true,"href":"https:\/\/plusfix.de\/ar\/wp-json\/wp\/v2\/product_brand?post=8935"},{"taxonomy":"product_cat","embeddable":true,"href":"https:\/\/plusfix.de\/ar\/wp-json\/wp\/v2\/product_cat?post=8935"},{"taxonomy":"product_tag","embeddable":true,"href":"https:\/\/plusfix.de\/ar\/wp-json\/wp\/v2\/product_tag?post=8935"}],"curies":[{"name":"wp","href":"https:\/\/api.w.org\/{rel}","templated":true}]}}