{"id":8907,"date":"2024-02-06T12:51:38","date_gmt":"2024-02-06T12:51:38","guid":{"rendered":"http:\/\/plusfix.de\/?post_type=product&#038;p=8907"},"modified":"2024-02-06T12:51:39","modified_gmt":"2024-02-06T12:51:39","slug":"azav-businesscoach","status":"publish","type":"product","link":"https:\/\/plusfix.de\/ar\/produkt\/azav-businesscoach\/","title":{"rendered":"AZAV Businesscoach"},"content":{"rendered":"<blockquote><p>\u00a7 45 Abs. 1 Satz 1 Nr. 4 SGB III Heranf\u00fchrung an eine selbst\u00e4ndige T\u00e4tigkeit<\/p><\/blockquote>\n","protected":false},"excerpt":{"rendered":"<p>-Darstellung der Gesch\u00e4ftsidee<\/p>\n<p>-Unternehmereignung Standort Analyse Unterst\u00fctzung :Anmeldungen, Genehmigungen und Steuern Personal und Organisation Unternehmensf\u00fchrung F\u00f6rderung und Finanzierung Businessplan \/ Gesch\u00e4ftskonzept<\/p>\n","protected":false},"featured_media":8908,"comment_status":"open","ping_status":"closed","template":"","meta":{"content-type":"","om_disable_all_campaigns":false,"_monsterinsights_skip_tracking":false,"_monsterinsights_sitenote_active":false,"_monsterinsights_sitenote_note":"","_monsterinsights_sitenote_category":0},"product_brand":[],"product_cat":[261],"product_tag":[263],"class_list":{"0":"post-8907","1":"product","2":"type-product","3":"status-publish","4":"has-post-thumbnail","6":"product_cat-coaching","7":"product_tag-businesscoach","9":"first","10":"instock","11":"taxable","12":"shipping-taxable","13":"purchasable","14":"product-type-simple"},"translation":{"provider":"WPGlobus","version":"3.0.2","language":"ar","enabled_languages":["de","gb","ar"],"languages":{"de":{"title":true,"content":true,"excerpt":true},"gb":{"title":false,"content":false,"excerpt":false},"ar":{"title":false,"content":false,"excerpt":false}}},"aioseo_notices":[],"_links":{"self":[{"href":"https:\/\/plusfix.de\/ar\/wp-json\/wp\/v2\/product\/8907","targetHints":{"allow":["GET"]}}],"collection":[{"href":"https:\/\/plusfix.de\/ar\/wp-json\/wp\/v2\/product"}],"about":[{"href":"https:\/\/plusfix.de\/ar\/wp-json\/wp\/v2\/types\/product"}],"replies":[{"embeddable":true,"href":"https:\/\/plusfix.de\/ar\/wp-json\/wp\/v2\/comments?post=8907"}],"wp:featuredmedia":[{"embeddable":true,"href":"https:\/\/plusfix.de\/ar\/wp-json\/wp\/v2\/media\/8908"}],"wp:attachment":[{"href":"https:\/\/plusfix.de\/ar\/wp-json\/wp\/v2\/media?parent=8907"}],"wp:term":[{"taxonomy":"product_brand","embeddable":true,"href":"https:\/\/plusfix.de\/ar\/wp-json\/wp\/v2\/product_brand?post=8907"},{"taxonomy":"product_cat","embeddable":true,"href":"https:\/\/plusfix.de\/ar\/wp-json\/wp\/v2\/product_cat?post=8907"},{"taxonomy":"product_tag","embeddable":true,"href":"https:\/\/plusfix.de\/ar\/wp-json\/wp\/v2\/product_tag?post=8907"}],"curies":[{"name":"wp","href":"https:\/\/api.w.org\/{rel}","templated":true}]}}