{"id":7914,"date":"2022-01-28T13:38:15","date_gmt":"2022-01-28T13:38:15","guid":{"rendered":"http:\/\/plusfix.de\/?post_type=product&#038;p=7914"},"modified":"2024-02-05T10:05:06","modified_gmt":"2024-02-05T10:05:06","slug":"markenbranding_plus","status":"publish","type":"product","link":"https:\/\/plusfix.de\/ar\/produkt\/markenbranding_plus\/","title":{"rendered":"Markenbranding Plus"},"content":{"rendered":"<blockquote><p>Alle Leistungen aus dem Basic Paket plus Firmennamen-Identit\u00e4tsrecherche und pers\u00f6nliche Rechtsberatung (30 min)<\/p><\/blockquote>\n","protected":false},"excerpt":{"rendered":"<p>-Markenanmeldung beim Deutschen Patent- und Markenamt (DPMA)<\/p>\n<p>-Wir \u00fcbernehmen f\u00fcr Sie den gesamten Anmeldeprozess vor dem DPMA bis hin zur \u00dcbersendung der Markenurkunde<\/p>\n<p>-Klassifizierung nach Nizza<\/p>\n<p>-Wir erstellen f\u00fcr Sie das Waren- und Dienstleistungsverzeichnis nach aktueller Nizza-Klassifikation f\u00fcr Marken<\/p>\n<p>&#8211; Pr\u00fcfung der Schutzf\u00e4higkeit Ihrer Marke<\/p>\n<p>&#8211; Pr\u00fcfung der rechtlichen Voraussetzung zum Markenschutz in Deutschland und Beratung zur richtigen Markenstrategie<\/p>\n<p>&#8211; Schnelle und sichere elektronische Markenanmeldung beim zust\u00e4ndigen Markenamt<\/p>\n<p>&#8211; Volle Kostenkontrolle durch Pauschalhonorare. Keine versteckten Kosten<\/p>\n<p>&#8211; Ihr pers\u00f6nlicher Anwalt \u00fcbernimmt f\u00fcr Sie die Kommunikation mit dem Markenamt<\/p>\n<p>&#8211; Firmennamen-Identit\u00e4tsrecherche<\/p>\n<p>&#8211; Wir recherchieren f\u00fcr Sie nach identischen eingetragenen Firmennamen im deutschen Handelsregister<\/p>\n<p>&#8211; Marken-Identit\u00e4tsrecherche mit anwaltlicher Risikobewertung<\/p>\n<p>&#8211; Wir recherchieren f\u00fcr Sie nach identischen eingetragenen Marken im deutschen, europ\u00e4ischen und internationalen Markenregister<\/p>\n<p>&#8211; Reduzieren Sie Ihr Risiko (z. B. Abmahnungen, Gerichtsverfahren und Widerspr\u00fcche) durch Recherche nach identischen Markenrechten<\/p>\n","protected":false},"featured_media":8360,"comment_status":"open","ping_status":"closed","template":"","meta":{"content-type":"","om_disable_all_campaigns":false,"_monsterinsights_skip_tracking":false,"_monsterinsights_sitenote_active":false,"_monsterinsights_sitenote_note":"","_monsterinsights_sitenote_category":0},"product_brand":[],"product_cat":[204],"product_tag":[242],"class_list":{"0":"post-7914","1":"product","2":"type-product","3":"status-publish","4":"has-post-thumbnail","6":"product_cat-startegie","7":"product_tag-marke","9":"first","10":"instock","11":"taxable","12":"shipping-taxable","13":"purchasable","14":"product-type-simple"},"translation":{"provider":"WPGlobus","version":"3.0.2","language":"ar","enabled_languages":["de","gb","ar"],"languages":{"de":{"title":true,"content":true,"excerpt":true},"gb":{"title":false,"content":false,"excerpt":false},"ar":{"title":false,"content":false,"excerpt":false}}},"aioseo_notices":[],"_links":{"self":[{"href":"https:\/\/plusfix.de\/ar\/wp-json\/wp\/v2\/product\/7914","targetHints":{"allow":["GET"]}}],"collection":[{"href":"https:\/\/plusfix.de\/ar\/wp-json\/wp\/v2\/product"}],"about":[{"href":"https:\/\/plusfix.de\/ar\/wp-json\/wp\/v2\/types\/product"}],"replies":[{"embeddable":true,"href":"https:\/\/plusfix.de\/ar\/wp-json\/wp\/v2\/comments?post=7914"}],"wp:featuredmedia":[{"embeddable":true,"href":"https:\/\/plusfix.de\/ar\/wp-json\/wp\/v2\/media\/8360"}],"wp:attachment":[{"href":"https:\/\/plusfix.de\/ar\/wp-json\/wp\/v2\/media?parent=7914"}],"wp:term":[{"taxonomy":"product_brand","embeddable":true,"href":"https:\/\/plusfix.de\/ar\/wp-json\/wp\/v2\/product_brand?post=7914"},{"taxonomy":"product_cat","embeddable":true,"href":"https:\/\/plusfix.de\/ar\/wp-json\/wp\/v2\/product_cat?post=7914"},{"taxonomy":"product_tag","embeddable":true,"href":"https:\/\/plusfix.de\/ar\/wp-json\/wp\/v2\/product_tag?post=7914"}],"curies":[{"name":"wp","href":"https:\/\/api.w.org\/{rel}","templated":true}]}}