{"id":7896,"date":"2022-01-25T13:05:55","date_gmt":"2022-01-25T13:05:55","guid":{"rendered":"http:\/\/plusfix.de\/?post_type=product&#038;p=7896"},"modified":"2024-02-02T12:41:47","modified_gmt":"2024-02-02T12:41:47","slug":"vereinsgruendung_plus","status":"publish","type":"product","link":"https:\/\/plusfix.de\/ar\/produkt\/vereinsgruendung_plus\/","title":{"rendered":"Vereinsgr\u00fcndung Plus"},"content":{"rendered":"<p>Gr\u00fcnden Sie mit PlusFix bequem Ihr Verein. Wir organisieren f\u00fcr Sie Ihre komplette Vereinsgr\u00fcndung. Schnell, g\u00fcnstig und professionell.<\/p>\n<p>\u00dcberlassen Sie uns den b\u00fcrokratischen Aufwand!<\/p>\n","protected":false},"excerpt":{"rendered":"<p>Umfasst pers\u00f6nliche Beratung und alle Leistungen zum Start einer Vereinst\u00e4tigkeit.<\/p>\n<p>Pers\u00f6nliche Gr\u00fcndungsberatung<\/p>\n<p><i class=\"icon-tiny fa fa-check extra-color-1\"><\/i>\u00a0Mustersatzung des Vereins<\/p>\n<p><i class=\"icon-tiny fa fa-check extra-color-1\"><\/i>\u00a0Gemeinn\u00fctzigkeit pr\u00fcfen lassen<\/p>\n<p><i class=\"icon-tiny fa fa-check extra-color-1\"><\/i>\u00a0Koordination Namenspr\u00fcfung mit IHK\/HWK<\/p>\n<p><i class=\"icon-tiny fa fa-check extra-color-1\"><\/i>\u00a0Notarterminvereinbarung in Ihrer Stadt inkl. Koordination der Rechtsdokumente<\/p>\n<p>Gesch\u00e4ftskonto er\u00f6ffnen<\/p>\n<p><i class=\"icon-tiny fa fa-check extra-color-1\"><\/i>\u00a0Businessplan erstellen<\/p>\n<p><i class=\"icon-tiny fa fa-check extra-color-1\"><\/i>\u00a0Vereinsregister eintragen<\/p>\n<p><i class=\"icon-tiny fa fa-check extra-color-1\"><\/i>\u00a0Checkliste mit 11 Punkteplan durchgehen<\/p>\n<p><i class=\"icon-tiny fa fa-check extra-color-1\"><\/i>\u00a0Er\u00f6ffnungsbilanz<\/p>\n","protected":false},"featured_media":8351,"comment_status":"open","ping_status":"closed","template":"","meta":{"content-type":"","om_disable_all_campaigns":false,"_monsterinsights_skip_tracking":false,"_monsterinsights_sitenote_active":false,"_monsterinsights_sitenote_note":"","_monsterinsights_sitenote_category":0},"product_brand":[],"product_cat":[193],"product_tag":[245],"class_list":{"0":"post-7896","1":"product","2":"type-product","3":"status-publish","4":"has-post-thumbnail","6":"product_cat-gruendung","7":"product_tag-vereinsgruendung","9":"first","10":"instock","11":"taxable","12":"shipping-taxable","13":"purchasable","14":"product-type-simple"},"translation":{"provider":"WPGlobus","version":"3.0.2","language":"ar","enabled_languages":["de","gb","ar"],"languages":{"de":{"title":true,"content":true,"excerpt":true},"gb":{"title":false,"content":false,"excerpt":false},"ar":{"title":false,"content":false,"excerpt":false}}},"aioseo_notices":[],"_links":{"self":[{"href":"https:\/\/plusfix.de\/ar\/wp-json\/wp\/v2\/product\/7896","targetHints":{"allow":["GET"]}}],"collection":[{"href":"https:\/\/plusfix.de\/ar\/wp-json\/wp\/v2\/product"}],"about":[{"href":"https:\/\/plusfix.de\/ar\/wp-json\/wp\/v2\/types\/product"}],"replies":[{"embeddable":true,"href":"https:\/\/plusfix.de\/ar\/wp-json\/wp\/v2\/comments?post=7896"}],"wp:featuredmedia":[{"embeddable":true,"href":"https:\/\/plusfix.de\/ar\/wp-json\/wp\/v2\/media\/8351"}],"wp:attachment":[{"href":"https:\/\/plusfix.de\/ar\/wp-json\/wp\/v2\/media?parent=7896"}],"wp:term":[{"taxonomy":"product_brand","embeddable":true,"href":"https:\/\/plusfix.de\/ar\/wp-json\/wp\/v2\/product_brand?post=7896"},{"taxonomy":"product_cat","embeddable":true,"href":"https:\/\/plusfix.de\/ar\/wp-json\/wp\/v2\/product_cat?post=7896"},{"taxonomy":"product_tag","embeddable":true,"href":"https:\/\/plusfix.de\/ar\/wp-json\/wp\/v2\/product_tag?post=7896"}],"curies":[{"name":"wp","href":"https:\/\/api.w.org\/{rel}","templated":true}]}}