{"id":7889,"date":"2022-01-25T12:14:30","date_gmt":"2022-01-25T12:14:30","guid":{"rendered":"http:\/\/plusfix.de\/?post_type=product&#038;p=7889"},"modified":"2024-02-02T12:48:17","modified_gmt":"2024-02-02T12:48:17","slug":"kapitalgesellschaft_basic","status":"publish","type":"product","link":"https:\/\/plusfix.de\/ar\/produkt\/kapitalgesellschaft_basic\/","title":{"rendered":"Kapitalgesellschaft Basic"},"content":{"rendered":"<p>Firma gr\u00fcnden mit unseren cleveren Paketen. So einfach geht \u201cGr\u00fcnden\u201d: Wir von PlusFix organisieren f\u00fcr Sie Ihre komplette Unternehmensgr\u00fcndung. Egal ob Kapitalgesellschaft oder Personengesellschaft. Von der UG (haftungsbeschr\u00e4nkt) bis hin zur Holding k\u00fcmmert sich unser erfahrenes Team um alle Formalit\u00e4ten. Schnell, g\u00fcnstig und professionell.<\/p>\n<p>Und profitieren Sie von den Services unserer zahlreichen Partnern<br \/>\nSchnell und b\u00fcrokratielos gr\u00fcnden, Pers\u00f6nliche Beratung bis zur erfolgreichen Gr\u00fcndung und von zahlreichen Partnervorteilen profitieren.<\/p>\n","protected":false},"excerpt":{"rendered":"<p>Gr\u00fcnden zum Vorteilspreis<\/p>\n<p>&nbsp;<\/p>\n<p>Pers\u00f6nlicher Gr\u00fcndungsberatung<\/p>\n<p><i class=\"icon-tiny fa fa-check extra-color-1\"><\/i>\u00a0Mustergesellschaftervertrag UG\/GmbH<\/p>\n<p><i class=\"icon-tiny fa fa-check extra-color-1\"><\/i>\u00a0Muster zur Handelsregisteranmeldung<\/p>\n<p><i class=\"icon-tiny fa fa-check extra-color-1\"><\/i>\u00a0Koordination Namenspr\u00fcfung mit IHK\/HWK<\/p>\n<p><i class=\"icon-tiny fa fa-check extra-color-1\"><\/i>\u00a0Notarterminvereinbarung in Ihrer Stadt inkl. Koordination der Rechtsdokumente<\/p>\n","protected":false},"featured_media":8346,"comment_status":"open","ping_status":"closed","template":"","meta":{"content-type":"","om_disable_all_campaigns":false,"_monsterinsights_skip_tracking":false,"_monsterinsights_sitenote_active":false,"_monsterinsights_sitenote_note":"","_monsterinsights_sitenote_category":0},"product_brand":[],"product_cat":[193],"product_tag":[246],"class_list":{"0":"post-7889","1":"product","2":"type-product","3":"status-publish","4":"has-post-thumbnail","6":"product_cat-gruendung","7":"product_tag-kapitalgesellschaft","9":"first","10":"instock","11":"taxable","12":"shipping-taxable","13":"purchasable","14":"product-type-simple"},"translation":{"provider":"WPGlobus","version":"3.0.2","language":"ar","enabled_languages":["de","gb","ar"],"languages":{"de":{"title":true,"content":true,"excerpt":true},"gb":{"title":false,"content":false,"excerpt":false},"ar":{"title":false,"content":false,"excerpt":false}}},"aioseo_notices":[],"_links":{"self":[{"href":"https:\/\/plusfix.de\/ar\/wp-json\/wp\/v2\/product\/7889","targetHints":{"allow":["GET"]}}],"collection":[{"href":"https:\/\/plusfix.de\/ar\/wp-json\/wp\/v2\/product"}],"about":[{"href":"https:\/\/plusfix.de\/ar\/wp-json\/wp\/v2\/types\/product"}],"replies":[{"embeddable":true,"href":"https:\/\/plusfix.de\/ar\/wp-json\/wp\/v2\/comments?post=7889"}],"wp:featuredmedia":[{"embeddable":true,"href":"https:\/\/plusfix.de\/ar\/wp-json\/wp\/v2\/media\/8346"}],"wp:attachment":[{"href":"https:\/\/plusfix.de\/ar\/wp-json\/wp\/v2\/media?parent=7889"}],"wp:term":[{"taxonomy":"product_brand","embeddable":true,"href":"https:\/\/plusfix.de\/ar\/wp-json\/wp\/v2\/product_brand?post=7889"},{"taxonomy":"product_cat","embeddable":true,"href":"https:\/\/plusfix.de\/ar\/wp-json\/wp\/v2\/product_cat?post=7889"},{"taxonomy":"product_tag","embeddable":true,"href":"https:\/\/plusfix.de\/ar\/wp-json\/wp\/v2\/product_tag?post=7889"}],"curies":[{"name":"wp","href":"https:\/\/api.w.org\/{rel}","templated":true}]}}